{"id":484,"date":"2025-04-21T20:36:40","date_gmt":"2025-04-21T19:36:40","guid":{"rendered":"https:\/\/blog.exkalibr.sk\/?page_id=484"},"modified":"2025-04-21T20:37:05","modified_gmt":"2025-04-21T19:37:05","slug":"o-nas","status":"publish","type":"page","link":"https:\/\/blog.exkalibr.sk\/index.php\/o-nas\/","title":{"rendered":"O n\u00e1s"},"content":{"rendered":"<p>Prev\u00e1dzkovate\u013eom webu blog.exkalibr.sk je spolo\u010dnos\u0165 EXKALIBR s.r.o.<\/p>\n<h2>Kontaktn\u00e9 a faktura\u010dn\u00e9 \u00fadaje<\/h2>\n<p><strong>N\u00e1zov spolo\u010dnosti:\u00a0<\/strong>EXKALIBR s.r.o.<br \/>\n<strong>S\u00eddlo spolo\u010dnosti:\u00a0<\/strong>T\u0159inec &#8211; Nebory 613, PS\u010c 739 61 (C 14894 veden\u00e1 u Krajsk\u00e9ho soudu v Ostrav\u011b)<br \/>\n<strong>Identifika\u010dn\u00e9 \u010d\u00edslo:\u00a0<\/strong>25359525<br \/>\n<strong>Da\u0148ov\u00e9 identifika\u010dn\u00e9 \u010d\u00edslo:\u00a0<\/strong>CZ25359525<br \/>\n<strong>Telef\u00f3n:\u00a0<\/strong>+420 558 731 917<br \/>\n<strong>E-mail:\u00a0<\/strong><a href=\"mailto:info@exkalibr.sk\">info@exkalibr.sk<\/a><br \/>\n<strong>Bankov\u00e9 spojenie:\u00a0<\/strong>IBAN: CZ5420100000002700531303, SWIFT(BIC) k\u00f3d: FIOBCZPPXXX (Fio banka, a.s.\u00a0)<\/p>\n","protected":false},"excerpt":{"rendered":"<p>Prev\u00e1dzkovate\u013eom webu blog.exkalibr.sk je spolo\u010dnos\u0165 EXKALIBR s.r.o. Kontaktn\u00e9 a faktura\u010dn\u00e9 \u00fadaje N\u00e1zov spolo\u010dnosti:\u00a0EXKALIBR s.r.o. S\u00eddlo spolo\u010dnosti:\u00a0T\u0159inec &#8211; Nebory 613, PS\u010c 739 61 (C 14894 veden\u00e1 u Krajsk\u00e9ho soudu v Ostrav\u011b)&#8230;<\/p>\n","protected":false},"author":1,"featured_media":0,"parent":0,"menu_order":0,"comment_status":"closed","ping_status":"closed","template":"","meta":{"footnotes":""},"class_list":["post-484","page","type-page","status-publish","hentry","entry"],"_links":{"self":[{"href":"https:\/\/blog.exkalibr.sk\/index.php\/wp-json\/wp\/v2\/pages\/484","targetHints":{"allow":["GET"]}}],"collection":[{"href":"https:\/\/blog.exkalibr.sk\/index.php\/wp-json\/wp\/v2\/pages"}],"about":[{"href":"https:\/\/blog.exkalibr.sk\/index.php\/wp-json\/wp\/v2\/types\/page"}],"author":[{"embeddable":true,"href":"https:\/\/blog.exkalibr.sk\/index.php\/wp-json\/wp\/v2\/users\/1"}],"replies":[{"embeddable":true,"href":"https:\/\/blog.exkalibr.sk\/index.php\/wp-json\/wp\/v2\/comments?post=484"}],"version-history":[{"count":2,"href":"https:\/\/blog.exkalibr.sk\/index.php\/wp-json\/wp\/v2\/pages\/484\/revisions"}],"predecessor-version":[{"id":486,"href":"https:\/\/blog.exkalibr.sk\/index.php\/wp-json\/wp\/v2\/pages\/484\/revisions\/486"}],"wp:attachment":[{"href":"https:\/\/blog.exkalibr.sk\/index.php\/wp-json\/wp\/v2\/media?parent=484"}],"curies":[{"name":"wp","href":"https:\/\/api.w.org\/{rel}","templated":true}]}}